{"id":178,"date":"2012-04-06T01:53:06","date_gmt":"2012-04-06T00:53:06","guid":{"rendered":"http:\/\/www.rh-home.de\/wordpress\/?page_id=178"},"modified":"2023-03-23T00:02:45","modified_gmt":"2023-03-22T23:02:45","slug":"impressum","status":"publish","type":"page","link":"https:\/\/rene-hey.de\/en\/impressum\/","title":{"rendered":"Imprint"},"content":{"rendered":"<p><strong>Anbieter der Internetseite:<\/strong><\/p>\n\n\n\n<p>Ren\u00e9 Hey<br>Gallierstra\u00dfe 1<br>53859 Niederkassel<\/p>\n\n\n\n<p>Telefon: 02208 &#8211; 775 0 935<br>E-Mail: rene (at) rh-home.de<\/p>\n\n\n\n<p>USt-ID Nr. DE248035695<\/p>\n\n\n\n<div style=\"height:100px\" aria-hidden=\"true\" class=\"wp-block-spacer\"><\/div>\n\n\n\n<h2 class=\"wp-block-heading\">Haftungshinweis:<\/h2>\n\n\n\n<p>Trotz sorgf\u00e4ltiger inhaltlicher Kontrolle \u00fcbernehme ich keine Haftung f\u00fcr die Inhalte externer Links. F\u00fcr den Inhalt der verlinkten Seiten sind ausschlie\u00dflich deren Betreiber verantwortlich.<\/p>\n\n\n\n<h2 class=\"wp-block-heading\">Nutzung der Internet-Seiten:<\/h2>\n\n\n\n<p>Inhalt und Gestaltung der Internet-Seiten sind urheberrechtlich gesch\u00fctzt. Eine Vervielf\u00e4ltigung der Seiten oder ihrer Inhalte bedarf der vorherigen schriftlichen Zustimmung, soweit die Vervielf\u00e4ltigung nicht ohnehin gesetzlich gestattet ist.<\/p>\n\n\n\n<div style=\"height:100px\" aria-hidden=\"true\" class=\"wp-block-spacer\"><\/div>","protected":false},"excerpt":{"rendered":"<p>Anbieter der Internetseite: Ren\u00e9 HeyGallierstra\u00dfe 153859 Niederkassel Telefon: 02208 &#8211; 775 0 935E-Mail: rene (at) rh-home.de USt-ID Nr. DE248035695 Haftungshinweis: Trotz sorgf\u00e4ltiger inhaltlicher Kontrolle \u00fcbernehme ich keine Haftung f\u00fcr die Inhalte externer Links. F\u00fcr den Inhalt der verlinkten Seiten sind ausschlie\u00dflich deren Betreiber verantwortlich. Nutzung der Internet-Seiten: Inhalt und Gestaltung der Internet-Seiten sind urheberrechtlich gesch\u00fctzt.&hellip;&nbsp;<a href=\"https:\/\/rene-hey.de\/en\/impressum\/\" rel=\"bookmark\">Read More &raquo;<span class=\"screen-reader-text\">Imprint<\/span><\/a><\/p>","protected":false},"author":1,"featured_media":0,"parent":0,"menu_order":0,"comment_status":"closed","ping_status":"closed","template":"","meta":{"neve_meta_sidebar":"","neve_meta_container":"contained","neve_meta_enable_content_width":"","neve_meta_content_width":0,"neve_meta_title_alignment":"","neve_meta_author_avatar":"","neve_post_elements_order":"","neve_meta_disable_header":"","neve_meta_disable_footer":"","neve_meta_disable_title":"","neve_meta_reading_time":"","footnotes":""},"class_list":["post-178","page","type-page","status-publish","hentry"],"yoast_head":"<!-- This site is optimized with the Yoast SEO plugin v27.4 - https:\/\/yoast.com\/product\/yoast-seo-wordpress\/ -->\n<title>Impressum - Ren\u00e9 Hey - Dipl. Grafik-Designer und Fotograf<\/title>\n<meta name=\"robots\" content=\"noindex, nofollow\" \/>\n<meta property=\"og:locale\" content=\"en_GB\" \/>\n<meta property=\"og:type\" content=\"article\" \/>\n<meta property=\"og:title\" content=\"Impressum - Ren\u00e9 Hey - Dipl. Grafik-Designer und Fotograf\" \/>\n<meta property=\"og:description\" content=\"Anbieter der Internetseite: Ren\u00e9 HeyGallierstra\u00dfe 153859 Niederkassel Telefon: 02208 &#8211; 775 0 935E-Mail: rene (at) rh-home.de USt-ID Nr. DE248035695 Haftungshinweis: Trotz sorgf\u00e4ltiger inhaltlicher Kontrolle \u00fcbernehme ich keine Haftung f\u00fcr die Inhalte externer Links. F\u00fcr den Inhalt der verlinkten Seiten sind ausschlie\u00dflich deren Betreiber verantwortlich. Nutzung der Internet-Seiten: Inhalt und Gestaltung der Internet-Seiten sind urheberrechtlich gesch\u00fctzt.&hellip;&nbsp;Read More &raquo;Impressum\" \/>\n<meta property=\"og:url\" content=\"https:\/\/rene-hey.de\/en\/impressum\/\" \/>\n<meta property=\"og:site_name\" content=\"Ren\u00e9 Hey - Dipl. Grafik-Designer und Fotograf\" \/>\n<meta property=\"article:publisher\" content=\"https:\/\/www.facebook.com\/CannoneerPhoto\" \/>\n<meta property=\"article:modified_time\" content=\"2023-03-22T23:02:45+00:00\" \/>\n<meta name=\"twitter:label1\" content=\"Estimated reading time\" \/>\n\t<meta name=\"twitter:data1\" content=\"1 minute\" \/>\n<script type=\"application\/ld+json\" class=\"yoast-schema-graph\">{\"@context\":\"https:\\\/\\\/schema.org\",\"@graph\":[{\"@type\":\"WebPage\",\"@id\":\"https:\\\/\\\/rene-hey.de\\\/impressum\\\/\",\"url\":\"https:\\\/\\\/rene-hey.de\\\/impressum\\\/\",\"name\":\"Impressum - Ren\u00e9 Hey - Dipl. Grafik-Designer und Fotograf\",\"isPartOf\":{\"@id\":\"https:\\\/\\\/rene-hey.de\\\/#website\"},\"datePublished\":\"2012-04-06T00:53:06+00:00\",\"dateModified\":\"2023-03-22T23:02:45+00:00\",\"breadcrumb\":{\"@id\":\"https:\\\/\\\/rene-hey.de\\\/impressum\\\/#breadcrumb\"},\"inLanguage\":\"en-GB\",\"potentialAction\":[{\"@type\":\"ReadAction\",\"target\":[\"https:\\\/\\\/rene-hey.de\\\/impressum\\\/\"]}]},{\"@type\":\"BreadcrumbList\",\"@id\":\"https:\\\/\\\/rene-hey.de\\\/impressum\\\/#breadcrumb\",\"itemListElement\":[{\"@type\":\"ListItem\",\"position\":1,\"name\":\"Home\",\"item\":\"https:\\\/\\\/rene-hey.de\\\/\"},{\"@type\":\"ListItem\",\"position\":2,\"name\":\"Impressum\"}]},{\"@type\":\"WebSite\",\"@id\":\"https:\\\/\\\/rene-hey.de\\\/#website\",\"url\":\"https:\\\/\\\/rene-hey.de\\\/\",\"name\":\"Ren\u00e9 Hey - Dipl. Grafik-Designer und Fotograf\",\"description\":\"Art Director - Grafikdesign - Webdesign - Fotografie - Ren\u00e9 Hey - Bonn - K\u00f6ln - Siegburg\",\"publisher\":{\"@id\":\"https:\\\/\\\/rene-hey.de\\\/#\\\/schema\\\/person\\\/0da984d26e1b52a5dfa1b0d4f5453445\"},\"potentialAction\":[{\"@type\":\"SearchAction\",\"target\":{\"@type\":\"EntryPoint\",\"urlTemplate\":\"https:\\\/\\\/rene-hey.de\\\/?s={search_term_string}\"},\"query-input\":{\"@type\":\"PropertyValueSpecification\",\"valueRequired\":true,\"valueName\":\"search_term_string\"}}],\"inLanguage\":\"en-GB\"},{\"@type\":[\"Person\",\"Organization\"],\"@id\":\"https:\\\/\\\/rene-hey.de\\\/#\\\/schema\\\/person\\\/0da984d26e1b52a5dfa1b0d4f5453445\",\"name\":\"Rene Hey\",\"image\":{\"@type\":\"ImageObject\",\"inLanguage\":\"en-GB\",\"@id\":\"https:\\\/\\\/rene-hey.de\\\/wp-content\\\/uploads\\\/2023\\\/03\\\/cropped-Rene-Hey-Grafik-Design-Logo-square.jpg\",\"url\":\"https:\\\/\\\/rene-hey.de\\\/wp-content\\\/uploads\\\/2023\\\/03\\\/cropped-Rene-Hey-Grafik-Design-Logo-square.jpg\",\"contentUrl\":\"https:\\\/\\\/rene-hey.de\\\/wp-content\\\/uploads\\\/2023\\\/03\\\/cropped-Rene-Hey-Grafik-Design-Logo-square.jpg\",\"width\":512,\"height\":512,\"caption\":\"Rene Hey\"},\"logo\":{\"@id\":\"https:\\\/\\\/rene-hey.de\\\/wp-content\\\/uploads\\\/2023\\\/03\\\/cropped-Rene-Hey-Grafik-Design-Logo-square.jpg\"},\"sameAs\":[\"https:\\\/\\\/www.facebook.com\\\/CannoneerPhoto\",\"https:\\\/\\\/www.instagram.com\\\/cannoneer\\\/\",\"https:\\\/\\\/www.linkedin.com\\\/company\\\/rene-hey-art-direction\\\/\"]}]}<\/script>\n<!-- \/ Yoast SEO plugin. -->","yoast_head_json":{"title":"Impressum - Ren\u00e9 Hey - Dipl. Grafik-Designer und Fotograf","robots":{"index":"noindex","follow":"nofollow"},"og_locale":"en_GB","og_type":"article","og_title":"Impressum - Ren\u00e9 Hey - Dipl. Grafik-Designer und Fotograf","og_description":"Anbieter der Internetseite: Ren\u00e9 HeyGallierstra\u00dfe 153859 Niederkassel Telefon: 02208 &#8211; 775 0 935E-Mail: rene (at) rh-home.de USt-ID Nr. DE248035695 Haftungshinweis: Trotz sorgf\u00e4ltiger inhaltlicher Kontrolle \u00fcbernehme ich keine Haftung f\u00fcr die Inhalte externer Links. F\u00fcr den Inhalt der verlinkten Seiten sind ausschlie\u00dflich deren Betreiber verantwortlich. Nutzung der Internet-Seiten: Inhalt und Gestaltung der Internet-Seiten sind urheberrechtlich gesch\u00fctzt.&hellip;&nbsp;Read More &raquo;Impressum","og_url":"https:\/\/rene-hey.de\/en\/impressum\/","og_site_name":"Ren\u00e9 Hey - Dipl. Grafik-Designer und Fotograf","article_publisher":"https:\/\/www.facebook.com\/CannoneerPhoto","article_modified_time":"2023-03-22T23:02:45+00:00","twitter_misc":{"Estimated reading time":"1 minute"},"schema":{"@context":"https:\/\/schema.org","@graph":[{"@type":"WebPage","@id":"https:\/\/rene-hey.de\/impressum\/","url":"https:\/\/rene-hey.de\/impressum\/","name":"Impressum - Ren\u00e9 Hey - Dipl. Grafik-Designer und Fotograf","isPartOf":{"@id":"https:\/\/rene-hey.de\/#website"},"datePublished":"2012-04-06T00:53:06+00:00","dateModified":"2023-03-22T23:02:45+00:00","breadcrumb":{"@id":"https:\/\/rene-hey.de\/impressum\/#breadcrumb"},"inLanguage":"en-GB","potentialAction":[{"@type":"ReadAction","target":["https:\/\/rene-hey.de\/impressum\/"]}]},{"@type":"BreadcrumbList","@id":"https:\/\/rene-hey.de\/impressum\/#breadcrumb","itemListElement":[{"@type":"ListItem","position":1,"name":"Home","item":"https:\/\/rene-hey.de\/"},{"@type":"ListItem","position":2,"name":"Impressum"}]},{"@type":"WebSite","@id":"https:\/\/rene-hey.de\/#website","url":"https:\/\/rene-hey.de\/","name":"Ren\u00e9 Hey - Dipl. Grafik-Designer und Fotograf","description":"Art Director - Grafikdesign - Webdesign - Fotografie - Ren\u00e9 Hey - Bonn - K\u00f6ln - Siegburg","publisher":{"@id":"https:\/\/rene-hey.de\/#\/schema\/person\/0da984d26e1b52a5dfa1b0d4f5453445"},"potentialAction":[{"@type":"SearchAction","target":{"@type":"EntryPoint","urlTemplate":"https:\/\/rene-hey.de\/?s={search_term_string}"},"query-input":{"@type":"PropertyValueSpecification","valueRequired":true,"valueName":"search_term_string"}}],"inLanguage":"en-GB"},{"@type":["Person","Organization"],"@id":"https:\/\/rene-hey.de\/#\/schema\/person\/0da984d26e1b52a5dfa1b0d4f5453445","name":"Rene Hey","image":{"@type":"ImageObject","inLanguage":"en-GB","@id":"https:\/\/rene-hey.de\/wp-content\/uploads\/2023\/03\/cropped-Rene-Hey-Grafik-Design-Logo-square.jpg","url":"https:\/\/rene-hey.de\/wp-content\/uploads\/2023\/03\/cropped-Rene-Hey-Grafik-Design-Logo-square.jpg","contentUrl":"https:\/\/rene-hey.de\/wp-content\/uploads\/2023\/03\/cropped-Rene-Hey-Grafik-Design-Logo-square.jpg","width":512,"height":512,"caption":"Rene Hey"},"logo":{"@id":"https:\/\/rene-hey.de\/wp-content\/uploads\/2023\/03\/cropped-Rene-Hey-Grafik-Design-Logo-square.jpg"},"sameAs":["https:\/\/www.facebook.com\/CannoneerPhoto","https:\/\/www.instagram.com\/cannoneer\/","https:\/\/www.linkedin.com\/company\/rene-hey-art-direction\/"]}]}},"_links":{"self":[{"href":"https:\/\/rene-hey.de\/en\/wp-json\/wp\/v2\/pages\/178","targetHints":{"allow":["GET"]}}],"collection":[{"href":"https:\/\/rene-hey.de\/en\/wp-json\/wp\/v2\/pages"}],"about":[{"href":"https:\/\/rene-hey.de\/en\/wp-json\/wp\/v2\/types\/page"}],"author":[{"embeddable":true,"href":"https:\/\/rene-hey.de\/en\/wp-json\/wp\/v2\/users\/1"}],"replies":[{"embeddable":true,"href":"https:\/\/rene-hey.de\/en\/wp-json\/wp\/v2\/comments?post=178"}],"version-history":[{"count":5,"href":"https:\/\/rene-hey.de\/en\/wp-json\/wp\/v2\/pages\/178\/revisions"}],"predecessor-version":[{"id":3602,"href":"https:\/\/rene-hey.de\/en\/wp-json\/wp\/v2\/pages\/178\/revisions\/3602"}],"wp:attachment":[{"href":"https:\/\/rene-hey.de\/en\/wp-json\/wp\/v2\/media?parent=178"}],"curies":[{"name":"wp","href":"https:\/\/api.w.org\/{rel}","templated":true}]}}