{"id":3337,"date":"2023-03-22T11:57:29","date_gmt":"2023-03-22T10:57:29","guid":{"rendered":"https:\/\/rene-hey.de\/?page_id=3337"},"modified":"2023-06-09T22:46:33","modified_gmt":"2023-06-09T21:46:33","slug":"kontakt","status":"publish","type":"page","link":"https:\/\/rene-hey.de\/en\/kontakt\/","title":{"rendered":"Contact"},"content":{"rendered":"\t\t<div data-elementor-type=\"wp-post\" data-elementor-id=\"3337\" class=\"elementor elementor-3337\">\n\t\t\t\t\t\t<section class=\"elementor-section elementor-top-section elementor-element elementor-element-887e42b elementor-section-height-min-height elementor-section-content-middle elementor-section-boxed elementor-section-height-default elementor-section-items-middle\" data-id=\"887e42b\" data-element_type=\"section\" data-e-type=\"section\" data-settings=\"{&quot;background_background&quot;:&quot;classic&quot;}\">\n\t\t\t\t\t\t\t<div class=\"elementor-background-overlay\"><\/div>\n\t\t\t\t\t\t\t<div class=\"elementor-container elementor-column-gap-default\">\n\t\t\t\t\t<div class=\"elementor-column elementor-col-100 elementor-top-column elementor-element elementor-element-77be47b\" data-id=\"77be47b\" data-element_type=\"column\" data-e-type=\"column\">\n\t\t\t<div class=\"elementor-widget-wrap elementor-element-populated\">\n\t\t\t\t\t\t<div class=\"elementor-element elementor-element-23e3f32 elementor-widget elementor-widget-spacer\" data-id=\"23e3f32\" data-element_type=\"widget\" data-e-type=\"widget\" data-widget_type=\"spacer.default\">\n\t\t\t\t<div class=\"elementor-widget-container\">\n\t\t\t\t\t\t\t<div class=\"elementor-spacer\">\n\t\t\t<div class=\"elementor-spacer-inner\"><\/div>\n\t\t<\/div>\n\t\t\t\t\t\t<\/div>\n\t\t\t\t<\/div>\n\t\t\t\t<div class=\"elementor-element elementor-element-01a818b elementor-widget elementor-widget-heading\" data-id=\"01a818b\" data-element_type=\"widget\" data-e-type=\"widget\" data-widget_type=\"heading.default\">\n\t\t\t\t<div class=\"elementor-widget-container\">\n\t\t\t\t\t<h1 class=\"elementor-heading-title elementor-size-default\">Ground Control to Major Tom<\/h1>\t\t\t\t<\/div>\n\t\t\t\t<\/div>\n\t\t\t\t<div class=\"elementor-element elementor-element-6c95012 elementor-widget elementor-widget-heading\" data-id=\"6c95012\" data-element_type=\"widget\" data-e-type=\"widget\" data-widget_type=\"heading.default\">\n\t\t\t\t<div class=\"elementor-widget-container\">\n\t\t\t\t\t<h2 class=\"elementor-heading-title elementor-size-default\">Nehmen Sie Kontakt auf<\/h2>\t\t\t\t<\/div>\n\t\t\t\t<\/div>\n\t\t\t\t<div class=\"elementor-element elementor-element-51cebe9 elementor-widget elementor-widget-spacer\" data-id=\"51cebe9\" data-element_type=\"widget\" data-e-type=\"widget\" data-widget_type=\"spacer.default\">\n\t\t\t\t<div class=\"elementor-widget-container\">\n\t\t\t\t\t\t\t<div class=\"elementor-spacer\">\n\t\t\t<div class=\"elementor-spacer-inner\"><\/div>\n\t\t<\/div>\n\t\t\t\t\t\t<\/div>\n\t\t\t\t<\/div>\n\t\t\t\t\t<\/div>\n\t\t<\/div>\n\t\t\t\t\t<\/div>\n\t\t<\/section>\n\t\t\t\t<section class=\"elementor-section elementor-top-section elementor-element elementor-element-70c50bee elementor-section-full_width elementor-section-stretched elementor-section-height-default elementor-section-height-default\" data-id=\"70c50bee\" data-element_type=\"section\" data-e-type=\"section\" data-settings=\"{&quot;background_background&quot;:&quot;gradient&quot;,&quot;stretch_section&quot;:&quot;section-stretched&quot;}\">\n\t\t\t\t\t\t<div class=\"elementor-container elementor-column-gap-default\">\n\t\t\t\t\t<div class=\"elementor-column elementor-col-100 elementor-top-column elementor-element elementor-element-9254a77\" data-id=\"9254a77\" data-element_type=\"column\" data-e-type=\"column\">\n\t\t\t<div class=\"elementor-widget-wrap elementor-element-populated\">\n\t\t\t\t\t\t<div class=\"elementor-element elementor-element-246ca4c0 elementor-widget elementor-widget-heading\" data-id=\"246ca4c0\" data-element_type=\"widget\" data-e-type=\"widget\" data-widget_type=\"heading.default\">\n\t\t\t\t<div class=\"elementor-widget-container\">\n\t\t\t\t\t<h3 class=\"elementor-heading-title elementor-size-default\">Kontakt<\/h3>\t\t\t\t<\/div>\n\t\t\t\t<\/div>\n\t\t\t\t<div class=\"elementor-element elementor-element-3735234a elementor-widget-divider--view-line elementor-widget elementor-widget-divider\" data-id=\"3735234a\" data-element_type=\"widget\" data-e-type=\"widget\" data-widget_type=\"divider.default\">\n\t\t\t\t<div class=\"elementor-widget-container\">\n\t\t\t\t\t\t\t<div class=\"elementor-divider\">\n\t\t\t<span class=\"elementor-divider-separator\">\n\t\t\t\t\t\t<\/span>\n\t\t<\/div>\n\t\t\t\t\t\t<\/div>\n\t\t\t\t<\/div>\n\t\t\t\t<section class=\"elementor-section elementor-inner-section elementor-element elementor-element-3a4e6fa elementor-section-boxed elementor-section-height-default elementor-section-height-default\" data-id=\"3a4e6fa\" data-element_type=\"section\" data-e-type=\"section\">\n\t\t\t\t\t\t<div class=\"elementor-container elementor-column-gap-default\">\n\t\t\t\t\t<div class=\"elementor-column elementor-col-50 elementor-inner-column elementor-element elementor-element-d4d67f5\" data-id=\"d4d67f5\" data-element_type=\"column\" data-e-type=\"column\">\n\t\t\t<div class=\"elementor-widget-wrap elementor-element-populated\">\n\t\t\t\t\t\t<div class=\"elementor-element elementor-element-b8b31c1 elementor-widget elementor-widget-heading\" data-id=\"b8b31c1\" data-element_type=\"widget\" data-e-type=\"widget\" data-widget_type=\"heading.default\">\n\t\t\t\t<div class=\"elementor-widget-container\">\n\t\t\t\t\t<h3 class=\"elementor-heading-title elementor-size-default\">Ren\u00e9 Hey<\/h3>\t\t\t\t<\/div>\n\t\t\t\t<\/div>\n\t\t\t\t<div class=\"elementor-element elementor-element-952ca5c elementor-widget elementor-widget-text-editor\" data-id=\"952ca5c\" data-element_type=\"widget\" data-e-type=\"widget\" data-widget_type=\"text-editor.default\">\n\t\t\t\t<div class=\"elementor-widget-container\">\n\t\t\t\t\t\t\t\t\t<p>Dipl. Grafik-Designer &amp; Fotograf<\/p><p>Gallierstra\u00dfe 1<br \/>53859 Niederkassel<\/p><p>Telefon: 02208 \u2013 775 0 935<br \/>E-Mail: info (at) rene \u2013 hey . de<\/p>\t\t\t\t\t\t\t\t<\/div>\n\t\t\t\t<\/div>\n\t\t\t\t\t<\/div>\n\t\t<\/div>\n\t\t\t\t<div class=\"elementor-column elementor-col-50 elementor-inner-column elementor-element elementor-element-eefa8f4\" data-id=\"eefa8f4\" data-element_type=\"column\" data-e-type=\"column\">\n\t\t\t<div class=\"elementor-widget-wrap elementor-element-populated\">\n\t\t\t\t\t\t<div class=\"elementor-element elementor-element-b5221ec elementor-widget elementor-widget-wpforms\" data-id=\"b5221ec\" data-element_type=\"widget\" data-e-type=\"widget\" data-widget_type=\"wpforms.default\">\n\t\t\t\t<div class=\"elementor-widget-container\">\n\t\t\t\t\t<div class=\"wpforms-container wpforms-container-full\" id=\"wpforms-3250\"><form id=\"wpforms-form-3250\" class=\"wpforms-validate wpforms-form wpforms-ajax-form\" data-formid=\"3250\" method=\"post\" enctype=\"multipart\/form-data\" action=\"\/en\/wp-json\/wp\/v2\/pages\/3337\" data-token=\"5679cf5c0686c0eaa9b843b0b1a99769\" data-token-time=\"1776357864\"><noscript class=\"wpforms-error-noscript\">Please enable JavaScript in your browser to complete this form.<\/noscript><div class=\"wpforms-field-container\"><div id=\"wpforms-3250-field_0-container\" class=\"wpforms-field wpforms-field-name\" data-field-id=\"0\"><label class=\"wpforms-field-label\" for=\"wpforms-3250-field_0\">Name<\/label><div class=\"wpforms-field-row wpforms-field-large\"><div class=\"wpforms-field-row-block wpforms-first wpforms-one-half\"><input type=\"text\" id=\"wpforms-3250-field_0\" class=\"wpforms-field-name-first\" name=\"wpforms[fields][0][first]\" placeholder=\"Vorname\" ><label for=\"wpforms-3250-field_0\" class=\"wpforms-field-sublabel after wpforms-sublabel-hide\">First<\/label><\/div><div class=\"wpforms-field-row-block wpforms-one-half\"><input type=\"text\" id=\"wpforms-3250-field_0-last\" class=\"wpforms-field-name-last\" name=\"wpforms[fields][0][last]\" placeholder=\"Nachname\" ><label for=\"wpforms-3250-field_0-last\" class=\"wpforms-field-sublabel after wpforms-sublabel-hide\">Last<\/label><\/div><\/div><\/div><div id=\"wpforms-3250-field_1-container\" class=\"wpforms-field wpforms-field-email\" data-field-id=\"1\"><label class=\"wpforms-field-label\" for=\"wpforms-3250-field_1\">E-Mail <span class=\"wpforms-required-label\">*<\/span><\/label><input type=\"email\" id=\"wpforms-3250-field_1\" class=\"wpforms-field-large wpforms-field-required\" name=\"wpforms[fields][1]\" spellcheck=\"false\" required><\/div><div id=\"wpforms-3250-field_2-container\" class=\"wpforms-field wpforms-field-textarea\" data-field-id=\"2\"><label class=\"wpforms-field-label\" for=\"wpforms-3250-field_2\">Ihre Nachricht<\/label><textarea id=\"wpforms-3250-field_2\" class=\"wpforms-field-medium\" name=\"wpforms[fields][2]\" ><\/textarea><\/div><div id=\"wpforms-3250-field_4-container\" class=\"wpforms-field wpforms-field-checkbox\" data-field-id=\"4\"><label class=\"wpforms-field-label\">Ren\u00e9 Hey darf meine hier eingegebenen Daten verarbeiten. <span class=\"wpforms-required-label\">*<\/span><\/label><ul id=\"wpforms-3250-field_4\" class=\"wpforms-field-required\"><li class=\"choice-1 depth-1\"><input type=\"checkbox\" id=\"wpforms-3250-field_4_1\" name=\"wpforms[fields][4][]\" value=\"Ich stimme zu.\" required ><label class=\"wpforms-field-label-inline\" for=\"wpforms-3250-field_4_1\">Ich stimme zu.<\/label><\/li><\/ul><div class=\"wpforms-field-description\">Bitte beachten Sie die <a href=\"\/datenschutz\" target=\"_new\">Hinweise zum Datenschutz<\/a>. Diese Website ist durch reCAPTCHA gesch\u00fctzt. Es gelten die Google <a href=\"https:\/\/policies.google.com\/privacy\">Datenschutzbestimmungen<\/a> und <a href=\"https:\/\/policies.google.com\/terms\">Nutzungsbedingungen<\/a>.<\/div><\/div><\/div><!-- .wpforms-field-container --><div class=\"wpforms-recaptcha-container wpforms-is-recaptcha wpforms-is-recaptcha-type-v3\" ><input type=\"hidden\" name=\"wpforms[recaptcha]\" value=\"\"><\/div><div class=\"wpforms-submit-container\" ><input type=\"hidden\" name=\"wpforms[id]\" value=\"3250\"><input type=\"hidden\" name=\"page_title\" value=\"\"><input type=\"hidden\" name=\"page_url\" value=\"https:\/\/rene-hey.de\/en\/wp-json\/wp\/v2\/pages\/3337\"><input type=\"hidden\" name=\"url_referer\" value=\"\"><button type=\"submit\" name=\"wpforms[submit]\" id=\"wpforms-submit-3250\" class=\"wpforms-submit wpformsubmit\" data-alt-text=\"Senden\u2026\" data-submit-text=\"Absenden\" aria-live=\"assertive\" value=\"wpforms-submit\">Absenden<\/button><img decoding=\"async\" src=\"https:\/\/rene-hey.de\/wp-content\/plugins\/wpforms-lite\/assets\/images\/submit-spin.svg\" class=\"wpforms-submit-spinner\" style=\"display: none;\" width=\"26\" height=\"26\" alt=\"Loading\"><\/div><\/form><\/div>  <!-- .wpforms-container -->\t\t\t\t<\/div>\n\t\t\t\t<\/div>\n\t\t\t\t\t<\/div>\n\t\t<\/div>\n\t\t\t\t\t<\/div>\n\t\t<\/section>\n\t\t\t\t\t<\/div>\n\t\t<\/div>\n\t\t\t\t\t<\/div>\n\t\t<\/section>\n\t\t\t\t<\/div>\n\t\t","protected":false},"excerpt":{"rendered":"<p>Ground Control to Major Tom Nehmen Sie Kontakt auf Kontakt Ren\u00e9 Hey Dipl. Grafik-Designer &amp; Fotograf Gallierstra\u00dfe 1 53859 Niederkassel Telefon: 02208 \u2013 775 0 935 E-Mail: info (at) rene \u2013 hey . de<\/p>","protected":false},"author":3,"featured_media":0,"parent":0,"menu_order":0,"comment_status":"closed","ping_status":"closed","template":"elementor_header_footer","meta":{"neve_meta_sidebar":"default","neve_meta_container":"","neve_meta_enable_content_width":"","neve_meta_content_width":0,"neve_meta_title_alignment":"","neve_meta_author_avatar":"","neve_post_elements_order":"","neve_meta_disable_header":"off","neve_meta_disable_footer":"","neve_meta_disable_title":"on","neve_meta_reading_time":"","footnotes":""},"class_list":["post-3337","page","type-page","status-publish","hentry"],"yoast_head":"<!-- This site is optimized with the Yoast SEO plugin v27.4 - https:\/\/yoast.com\/product\/yoast-seo-wordpress\/ -->\n<title>Kontakt - Ren\u00e9 Hey - Dipl. Grafik-Designer und Fotograf<\/title>\n<meta name=\"description\" content=\"Gute Dinge entstehen durch gute Gespr\u00e4che. Bitte nehmen Sie mit mir Kontakt auf.\" \/>\n<meta name=\"robots\" content=\"noindex, follow\" \/>\n<meta property=\"og:locale\" content=\"en_GB\" \/>\n<meta property=\"og:type\" content=\"article\" \/>\n<meta property=\"og:title\" content=\"Kontakt - Ren\u00e9 Hey - Dipl. Grafik-Designer und Fotograf\" \/>\n<meta property=\"og:description\" content=\"Gute Dinge entstehen durch gute Gespr\u00e4che. Bitte nehmen Sie mit mir Kontakt auf.\" \/>\n<meta property=\"og:url\" content=\"https:\/\/rene-hey.de\/en\/kontakt\/\" \/>\n<meta property=\"og:site_name\" content=\"Ren\u00e9 Hey - Dipl. Grafik-Designer und Fotograf\" \/>\n<meta property=\"article:publisher\" content=\"https:\/\/www.facebook.com\/CannoneerPhoto\" \/>\n<meta property=\"article:modified_time\" content=\"2023-06-09T21:46:33+00:00\" \/>\n<meta name=\"twitter:label1\" content=\"Estimated reading time\" \/>\n\t<meta name=\"twitter:data1\" content=\"1 minute\" \/>\n<script type=\"application\/ld+json\" class=\"yoast-schema-graph\">{\"@context\":\"https:\\\/\\\/schema.org\",\"@graph\":[{\"@type\":\"WebPage\",\"@id\":\"https:\\\/\\\/rene-hey.de\\\/kontakt\\\/\",\"url\":\"https:\\\/\\\/rene-hey.de\\\/kontakt\\\/\",\"name\":\"Kontakt - Ren\u00e9 Hey - Dipl. Grafik-Designer und Fotograf\",\"isPartOf\":{\"@id\":\"https:\\\/\\\/rene-hey.de\\\/#website\"},\"datePublished\":\"2023-03-22T10:57:29+00:00\",\"dateModified\":\"2023-06-09T21:46:33+00:00\",\"description\":\"Gute Dinge entstehen durch gute Gespr\u00e4che. Bitte nehmen Sie mit mir Kontakt auf.\",\"breadcrumb\":{\"@id\":\"https:\\\/\\\/rene-hey.de\\\/kontakt\\\/#breadcrumb\"},\"inLanguage\":\"en-GB\",\"potentialAction\":[{\"@type\":\"ReadAction\",\"target\":[\"https:\\\/\\\/rene-hey.de\\\/kontakt\\\/\"]}]},{\"@type\":\"BreadcrumbList\",\"@id\":\"https:\\\/\\\/rene-hey.de\\\/kontakt\\\/#breadcrumb\",\"itemListElement\":[{\"@type\":\"ListItem\",\"position\":1,\"name\":\"Home\",\"item\":\"https:\\\/\\\/rene-hey.de\\\/\"},{\"@type\":\"ListItem\",\"position\":2,\"name\":\"Kontakt\"}]},{\"@type\":\"WebSite\",\"@id\":\"https:\\\/\\\/rene-hey.de\\\/#website\",\"url\":\"https:\\\/\\\/rene-hey.de\\\/\",\"name\":\"Ren\u00e9 Hey - Dipl. Grafik-Designer und Fotograf\",\"description\":\"Art Director - Grafikdesign - Webdesign - Fotografie - Ren\u00e9 Hey - Bonn - K\u00f6ln - Siegburg\",\"publisher\":{\"@id\":\"https:\\\/\\\/rene-hey.de\\\/#\\\/schema\\\/person\\\/0da984d26e1b52a5dfa1b0d4f5453445\"},\"potentialAction\":[{\"@type\":\"SearchAction\",\"target\":{\"@type\":\"EntryPoint\",\"urlTemplate\":\"https:\\\/\\\/rene-hey.de\\\/?s={search_term_string}\"},\"query-input\":{\"@type\":\"PropertyValueSpecification\",\"valueRequired\":true,\"valueName\":\"search_term_string\"}}],\"inLanguage\":\"en-GB\"},{\"@type\":[\"Person\",\"Organization\"],\"@id\":\"https:\\\/\\\/rene-hey.de\\\/#\\\/schema\\\/person\\\/0da984d26e1b52a5dfa1b0d4f5453445\",\"name\":\"Rene Hey\",\"image\":{\"@type\":\"ImageObject\",\"inLanguage\":\"en-GB\",\"@id\":\"https:\\\/\\\/rene-hey.de\\\/wp-content\\\/uploads\\\/2023\\\/03\\\/cropped-Rene-Hey-Grafik-Design-Logo-square.jpg\",\"url\":\"https:\\\/\\\/rene-hey.de\\\/wp-content\\\/uploads\\\/2023\\\/03\\\/cropped-Rene-Hey-Grafik-Design-Logo-square.jpg\",\"contentUrl\":\"https:\\\/\\\/rene-hey.de\\\/wp-content\\\/uploads\\\/2023\\\/03\\\/cropped-Rene-Hey-Grafik-Design-Logo-square.jpg\",\"width\":512,\"height\":512,\"caption\":\"Rene Hey\"},\"logo\":{\"@id\":\"https:\\\/\\\/rene-hey.de\\\/wp-content\\\/uploads\\\/2023\\\/03\\\/cropped-Rene-Hey-Grafik-Design-Logo-square.jpg\"},\"sameAs\":[\"https:\\\/\\\/www.facebook.com\\\/CannoneerPhoto\",\"https:\\\/\\\/www.instagram.com\\\/cannoneer\\\/\",\"https:\\\/\\\/www.linkedin.com\\\/company\\\/rene-hey-art-direction\\\/\"]}]}<\/script>\n<!-- \/ Yoast SEO plugin. -->","yoast_head_json":{"title":"Kontakt - Ren\u00e9 Hey - Dipl. Grafik-Designer und Fotograf","description":"Gute Dinge entstehen durch gute Gespr\u00e4che. Bitte nehmen Sie mit mir Kontakt auf.","robots":{"index":"noindex","follow":"follow"},"og_locale":"en_GB","og_type":"article","og_title":"Kontakt - Ren\u00e9 Hey - Dipl. Grafik-Designer und Fotograf","og_description":"Gute Dinge entstehen durch gute Gespr\u00e4che. Bitte nehmen Sie mit mir Kontakt auf.","og_url":"https:\/\/rene-hey.de\/en\/kontakt\/","og_site_name":"Ren\u00e9 Hey - Dipl. Grafik-Designer und Fotograf","article_publisher":"https:\/\/www.facebook.com\/CannoneerPhoto","article_modified_time":"2023-06-09T21:46:33+00:00","twitter_misc":{"Estimated reading time":"1 minute"},"schema":{"@context":"https:\/\/schema.org","@graph":[{"@type":"WebPage","@id":"https:\/\/rene-hey.de\/kontakt\/","url":"https:\/\/rene-hey.de\/kontakt\/","name":"Kontakt - Ren\u00e9 Hey - Dipl. Grafik-Designer und Fotograf","isPartOf":{"@id":"https:\/\/rene-hey.de\/#website"},"datePublished":"2023-03-22T10:57:29+00:00","dateModified":"2023-06-09T21:46:33+00:00","description":"Gute Dinge entstehen durch gute Gespr\u00e4che. Bitte nehmen Sie mit mir Kontakt auf.","breadcrumb":{"@id":"https:\/\/rene-hey.de\/kontakt\/#breadcrumb"},"inLanguage":"en-GB","potentialAction":[{"@type":"ReadAction","target":["https:\/\/rene-hey.de\/kontakt\/"]}]},{"@type":"BreadcrumbList","@id":"https:\/\/rene-hey.de\/kontakt\/#breadcrumb","itemListElement":[{"@type":"ListItem","position":1,"name":"Home","item":"https:\/\/rene-hey.de\/"},{"@type":"ListItem","position":2,"name":"Kontakt"}]},{"@type":"WebSite","@id":"https:\/\/rene-hey.de\/#website","url":"https:\/\/rene-hey.de\/","name":"Ren\u00e9 Hey - Dipl. Grafik-Designer und Fotograf","description":"Art Director - Grafikdesign - Webdesign - Fotografie - Ren\u00e9 Hey - Bonn - K\u00f6ln - Siegburg","publisher":{"@id":"https:\/\/rene-hey.de\/#\/schema\/person\/0da984d26e1b52a5dfa1b0d4f5453445"},"potentialAction":[{"@type":"SearchAction","target":{"@type":"EntryPoint","urlTemplate":"https:\/\/rene-hey.de\/?s={search_term_string}"},"query-input":{"@type":"PropertyValueSpecification","valueRequired":true,"valueName":"search_term_string"}}],"inLanguage":"en-GB"},{"@type":["Person","Organization"],"@id":"https:\/\/rene-hey.de\/#\/schema\/person\/0da984d26e1b52a5dfa1b0d4f5453445","name":"Rene Hey","image":{"@type":"ImageObject","inLanguage":"en-GB","@id":"https:\/\/rene-hey.de\/wp-content\/uploads\/2023\/03\/cropped-Rene-Hey-Grafik-Design-Logo-square.jpg","url":"https:\/\/rene-hey.de\/wp-content\/uploads\/2023\/03\/cropped-Rene-Hey-Grafik-Design-Logo-square.jpg","contentUrl":"https:\/\/rene-hey.de\/wp-content\/uploads\/2023\/03\/cropped-Rene-Hey-Grafik-Design-Logo-square.jpg","width":512,"height":512,"caption":"Rene Hey"},"logo":{"@id":"https:\/\/rene-hey.de\/wp-content\/uploads\/2023\/03\/cropped-Rene-Hey-Grafik-Design-Logo-square.jpg"},"sameAs":["https:\/\/www.facebook.com\/CannoneerPhoto","https:\/\/www.instagram.com\/cannoneer\/","https:\/\/www.linkedin.com\/company\/rene-hey-art-direction\/"]}]}},"_links":{"self":[{"href":"https:\/\/rene-hey.de\/en\/wp-json\/wp\/v2\/pages\/3337","targetHints":{"allow":["GET"]}}],"collection":[{"href":"https:\/\/rene-hey.de\/en\/wp-json\/wp\/v2\/pages"}],"about":[{"href":"https:\/\/rene-hey.de\/en\/wp-json\/wp\/v2\/types\/page"}],"author":[{"embeddable":true,"href":"https:\/\/rene-hey.de\/en\/wp-json\/wp\/v2\/users\/3"}],"replies":[{"embeddable":true,"href":"https:\/\/rene-hey.de\/en\/wp-json\/wp\/v2\/comments?post=3337"}],"version-history":[{"count":5,"href":"https:\/\/rene-hey.de\/en\/wp-json\/wp\/v2\/pages\/3337\/revisions"}],"predecessor-version":[{"id":4622,"href":"https:\/\/rene-hey.de\/en\/wp-json\/wp\/v2\/pages\/3337\/revisions\/4622"}],"wp:attachment":[{"href":"https:\/\/rene-hey.de\/en\/wp-json\/wp\/v2\/media?parent=3337"}],"curies":[{"name":"wp","href":"https:\/\/api.w.org\/{rel}","templated":true}]}}