{"id":888,"date":"2015-06-25T13:33:49","date_gmt":"2015-06-25T12:33:49","guid":{"rendered":"http:\/\/test.rene-hey.de\/renehey2\/?page_id=888"},"modified":"2023-06-06T21:34:44","modified_gmt":"2023-06-06T20:34:44","slug":"datenschutz","status":"publish","type":"page","link":"https:\/\/rene-hey.de\/en\/datenschutz\/","title":{"rendered":"Privacy policy"},"content":{"rendered":"<h3 class=\"wp-block-heading\">Geltungsbereich<\/h3>\n\n\n\n<p>Diese Datenschutzerkl\u00e4rung kl\u00e4rt Nutzer \u00fcber die Art, den Umfang und Zwecke der Erhebung und Verwendung personenbezogener Daten durch den verantwortlichen <a href=\"\/en\/impressum\/\">Anbieter<\/a> auf dieser Website (im folgenden \u201cAngebot\u201d) auf. Die rechtlichen Grundlagen des Datenschutzes finden sich im Bundesdatenschutzgesetz (BDSG) und dem Telemediengesetz (TMG).<\/p>\n\n\n\n<h3 class=\"wp-block-heading\">Zugriffsdaten\/ Server-Logfiles<\/h3>\n\n\n\n<p><span class=\"sd-muster-content\">Der Anbieter (beziehungsweise sein Webspace-Provider) erhebt Daten \u00fcber jeden Zugriff auf das Angebot (so genannte Serverlogfiles). Zu den Zugriffsdaten geh\u00f6ren:<\/span><\/p>\n\n\n\n<p>Name der abgerufenen Webseite, Datei, Datum und Uhrzeit des Abrufs, \u00fcbertragene Datenmenge, Meldung \u00fcber erfolgreichen Abruf, Browsertyp nebst Version, das Betriebssystem des Nutzers, Referrer URL (die zuvor besuchte Seite), IP-Adresse und der anfragende Provider.<\/p>\n\n\n\n<p>Der Anbieter verwendet die Protokolldaten nur f\u00fcr statistische Auswertungen zum Zweck des Betriebs, der Sicherheit und der Optimierung des Angebotes. Der Anbieterbeh\u00e4lt sich jedoch vor, die Protokolldaten nachtr\u00e4glich zu \u00fcberpr\u00fcfen, wenn aufgrund konkreter Anhaltspunkte der berechtigte Verdacht einer rechtswidrigen Nutzung besteht.<\/p>\n\n\n\n<h3 class=\"wp-block-heading\">Umgang mit personenbezogenen Daten<\/h3>\n\n\n\n<p><span class=\"sd-muster-content\">Personenbezogene Daten sind Informationen, mit deren Hilfe eine Person bestimmbar ist, also Angaben, die zur\u00fcck zu einer Person verfolgt werden k\u00f6nnen. Dazu geh\u00f6ren der Name, die Emailadresse oder die Telefonnummer. Aber auch Daten \u00fcber Vorlieben, Hobbies, Mitgliedschaften oder welche Webseiten von jemandem angesehen wurden z\u00e4hlen zu personenbezogenen Daten.<\/span><\/p>\n\n\n\n<p>Personenbezogene Daten werden von dem Anbieter nur dann erhoben, genutzt und weiter gegeben, wenn dies gesetzlich erlaubt ist oder die Nutzer in die Datenerhebung einwilligen.<\/p>\n\n\n\n<h3 class=\"wp-block-heading\">Kontaktaufnahme<\/h3>\n\n\n\n<p><span class=\"sd-muster-content\">Bei der Kontaktaufnahme mit dem Anbieter (zum Beispiel per Kontaktformular oder E-Mail) werden die Angaben des Nutzers zwecks Bearbeitung der Anfrage sowie f\u00fcr den Fall, dass Anschlussfragen entstehen, gespeichert.<\/span><\/p>\n\n\n\n<h3 class=\"wp-block-heading\">Cookies<\/h3>\n\n\n\n<p><span class=\"sd-muster-content\">Cookies sind kleine Dateien, die es erm\u00f6glichen, auf dem Zugriffsger\u00e4t der Nutzer (PC, Smartphone o.\u00e4.) spezifische, auf das Ger\u00e4t bezogene Informationen zu speichern. Sie dienen zum einem der Benutzerfreundlichkeit von Webseiten und damit den Nutzern (z.B. Speicherung von Logindaten). Zum anderen dienen sie, um die statistische Daten der Webseitennutzung zu erfassen und sie zwecks Verbesserung des Angebotes analysieren zu k\u00f6nnen. Die Nutzer k\u00f6nnen auf den Einsatz der Cookies Einfluss nehmen. Die meisten Browser verf\u00fcgen eine Option mit der das Speichern von Cookies eingeschr\u00e4nkt oder komplett verhindert wird. Allerdings wird darauf hingewiesen, dass die Nutzung und insbesondere der Nutzungskomfort ohne Cookies eingeschr\u00e4nkt werden.<\/span><\/p>\n\n\n\n<p>Sie k\u00f6nnen viele Online-Anzeigen-Cookies von Unternehmen \u00fcber die US-amerikanische Seite <a href=\"http:\/\/www.aboutads.info\/choices\/\">http:\/\/www.aboutads.info\/choices\/<\/a> oder die EU-Seite <a href=\"http:\/\/www.youronlinechoices.com\/uk\/your-ad-choices\/\">http:\/\/www.youronlinechoices.com\/uk\/your-ad-choices\/ <\/a> verwalten.<\/p>\n\n\n\n<h2 class=\"wp-block-heading\">Adobe Typekit<\/h2>\n\n\n\n<p>Die Seite nutzt den Service der Firma Adobe Typekit f\u00fcr die Schriftdarstellung. Beim Aufruf der Seite wird Ihre IP und weitere technische Daten an die Firma Typekit \u00fcbertragen. Die Nutzung von Adobe Typekit Web Fonts erfolgt im Interesse einer einheitlichen und ansprechenden Darstellung unserer Online-Angebote. Dies stellt ein berechtigtes Interesse im Sinne von Art. 6 Abs. 1 lit. f DSGVO dar.<\/p>\n\n\n\n<p>Weitere Informationen zu Adobe Typekit Web Fonts finden Sie unter&nbsp;<a href=\"https:\/\/typekit.com\/\">https:\/\/typekit.com\/<\/a>&nbsp;und in der Datenschutzerkl\u00e4rung von Adobe Typekit:&nbsp;<a href=\"https:\/\/www.adobe.com\/de\/privacy\/policies\/typekit.html\">https:\/\/www.adobe.com\/de\/privacy\/policies\/typekit.html<\/a><\/p>\n\n\n\n<h3 class=\"wp-block-heading\">Google Analytics<\/h3>\n\n\n\n<p><span class=\"sd-muster-content\">Dieses Angebot benutzt Google Analytics, einen Webanalysedienst der Google Inc. (\u201eGoogle\u201c). Google Analytics verwendet sog. \u201eCookies\u201c, Textdateien, die auf Computer der Nutzer gespeichert werden und die eine Analyse der Benutzung der Website durch sie erm\u00f6glichen. Die durch den Cookie erzeugten Informationen \u00fcber Benutzung dieser Website durch die Nutzer werden in der Regel an einen Server von Google in den USA \u00fcbertragen und dort gespeichert.<\/span><\/p>\n\n\n\n<p>Im Falle der Aktivierung der IP-Anonymisierung auf dieser Webseite, wird die IP-Adresse der Nutzer von Google jedoch innerhalb von Mitgliedstaaten der Europ\u00e4ischen Union oder in anderen Vertragsstaaten des Abkommens \u00fcber den Europ\u00e4ischen Wirtschaftsraum zuvor gek\u00fcrzt. Nur in Ausnahmef\u00e4llen wird die volle IP-Adresse an einen Server von Google in den USA \u00fcbertragen und dort gek\u00fcrzt. Die IP-Anonymisierung ist auf dieser Website aktiv. Im Auftrag des Betreibers dieser Website wird Google diese Informationen benutzen, um die Nutzung der Website durch die Nutzer auszuwerten, um Reports \u00fcber die Websiteaktivit\u00e4ten zusammenzustellen und um weitere mit der Websitenutzung und der Internetnutzung verbundene Dienstleistungen gegen\u00fcber dem Websitebetreiber zu erbringen.<\/p>\n\n\n\n<p>Die im Rahmen von Google Analytics von Ihrem Browser \u00fcbermittelte IP-Adresse wird nicht mit anderen Daten von Google zusammengef\u00fchrt. Die Nutzer k\u00f6nnen die Speicherung der Cookies durch eine entsprechende Einstellung Ihrer Browser-Software verhindern; Dieses Angebot weist die Nutzer jedoch darauf hin, dass Sie in diesem Fall gegebenenfalls nicht s\u00e4mtliche Funktionen dieser Website vollumf\u00e4nglich werden nutzen k\u00f6nnen. Die Nutzer k\u00f6nnen dar\u00fcber hinaus die Erfassung der durch das Cookie erzeugten und auf ihre Nutzung der Website bezogenen Daten (inkl. Ihrer IP-Adresse) an Google sowie die Verarbeitung dieser Daten durch Google verhindern, indem sie das unter dem folgenden Link verf\u00fcgbare Browser-Plugin herunterladen und installieren: <a href=\"http:\/\/tools.google.com\/dlpage\/gaoptout?hl=de\">http:\/\/tools.google.com\/dlpage\/gaoptout?hl=de<\/a>.<\/p>\n\n\n\n<p>Sie k\u00f6nnen die Erfassung durch Google Analytics verhindern, indem Sie auf folgenden Link klicken. Es wird ein Opt-Out-Cookie gesetzt, das die zuk\u00fcnftige Erfassung Ihrer Daten beim Besuch dieser Website verhindert:<br><a>Google Analytics deaktivieren<\/a><\/p>\n\n\n\n<p>N\u00e4here Informationen zu Nutzungsbedingungen und Datenschutz finden Sie unter <a href=\"http:\/\/www.google.com\/analytics\/terms\/de.html\">http:\/\/www.google.com\/analytics\/terms\/de.html<\/a> bzw. unter <a href=\"https:\/\/www.google.de\/intl\/de\/policies\/\">https:\/\/www.google.de\/intl\/de\/policies\/.<\/a> Wir weisen Sie darauf hin, dass auf dieser Website Google Analytics um den Code \u201egat._anonymizeIp();&#8220; erweitert wurde, um eine anonymisierte Erfassung von IP-Adressen (sog. IP-Masking) zu gew\u00e4hrleisten.<\/p>\n\n\n\n<h3 class=\"wp-block-heading\">Widerruf, \u00c4nderungen, Berichtigungen und Aktualisierungen<\/h3>\n\n\n\n<p>Der Nutzer hat das Recht, auf Antrag unentgeltlich Auskunft zu erhalten \u00fcber die personenbezogenen Daten, die \u00fcber ihn gespeichert wurden. Zus\u00e4tzlich hat der Nutzer das Recht auf Berichtigung unrichtiger Daten, Sperrung und L\u00f6schung seiner personenbezogenen Daten, soweit dem keine gesetzliche Aufbewahrungspflicht entgegensteht.<\/p>\n\n\n\n<div style=\"height:100px\" aria-hidden=\"true\" class=\"wp-block-spacer\"><\/div>","protected":false},"excerpt":{"rendered":"<p>Geltungsbereich Diese Datenschutzerkl\u00e4rung kl\u00e4rt Nutzer \u00fcber die Art, den Umfang und Zwecke der Erhebung und Verwendung personenbezogener Daten durch den verantwortlichen Anbieter auf dieser Website (im folgenden \u201cAngebot\u201d) auf. Die rechtlichen Grundlagen des Datenschutzes finden sich im Bundesdatenschutzgesetz (BDSG) und dem Telemediengesetz (TMG). Zugriffsdaten\/ Server-Logfiles Der Anbieter (beziehungsweise sein Webspace-Provider) erhebt Daten \u00fcber jeden Zugriff&hellip;&nbsp;<a href=\"https:\/\/rene-hey.de\/en\/datenschutz\/\" rel=\"bookmark\">Read More &raquo;<span class=\"screen-reader-text\">Privacy policy<\/span><\/a><\/p>","protected":false},"author":1,"featured_media":0,"parent":0,"menu_order":0,"comment_status":"closed","ping_status":"closed","template":"","meta":{"neve_meta_sidebar":"","neve_meta_container":"contained","neve_meta_enable_content_width":"","neve_meta_content_width":0,"neve_meta_title_alignment":"","neve_meta_author_avatar":"","neve_post_elements_order":"","neve_meta_disable_header":"","neve_meta_disable_footer":"","neve_meta_disable_title":"","neve_meta_reading_time":"","footnotes":""},"class_list":["post-888","page","type-page","status-publish","hentry"],"yoast_head":"<!-- This site is optimized with the Yoast SEO plugin v27.4 - https:\/\/yoast.com\/product\/yoast-seo-wordpress\/ -->\n<title>Datenschutz - Ren\u00e9 Hey - Dipl. Grafik-Designer und Fotograf<\/title>\n<meta name=\"robots\" content=\"noindex, nofollow\" \/>\n<meta property=\"og:locale\" content=\"en_GB\" \/>\n<meta property=\"og:type\" content=\"article\" \/>\n<meta property=\"og:title\" content=\"Datenschutz - Ren\u00e9 Hey - Dipl. Grafik-Designer und Fotograf\" \/>\n<meta property=\"og:description\" content=\"Geltungsbereich Diese Datenschutzerkl\u00e4rung kl\u00e4rt Nutzer \u00fcber die Art, den Umfang und Zwecke der Erhebung und Verwendung personenbezogener Daten durch den verantwortlichen Anbieter auf dieser Website (im folgenden \u201cAngebot\u201d) auf. Die rechtlichen Grundlagen des Datenschutzes finden sich im Bundesdatenschutzgesetz (BDSG) und dem Telemediengesetz (TMG). Zugriffsdaten\/ Server-Logfiles Der Anbieter (beziehungsweise sein Webspace-Provider) erhebt Daten \u00fcber jeden Zugriff&hellip;&nbsp;Read More &raquo;Datenschutz\" \/>\n<meta property=\"og:url\" content=\"https:\/\/rene-hey.de\/en\/datenschutz\/\" \/>\n<meta property=\"og:site_name\" content=\"Ren\u00e9 Hey - Dipl. Grafik-Designer und Fotograf\" \/>\n<meta property=\"article:publisher\" content=\"https:\/\/www.facebook.com\/CannoneerPhoto\" \/>\n<meta property=\"article:modified_time\" content=\"2023-06-06T20:34:44+00:00\" \/>\n<meta name=\"twitter:label1\" content=\"Estimated reading time\" \/>\n\t<meta name=\"twitter:data1\" content=\"5 minutes\" \/>\n<script type=\"application\/ld+json\" class=\"yoast-schema-graph\">{\"@context\":\"https:\\\/\\\/schema.org\",\"@graph\":[{\"@type\":\"WebPage\",\"@id\":\"https:\\\/\\\/rene-hey.de\\\/datenschutz\\\/\",\"url\":\"https:\\\/\\\/rene-hey.de\\\/datenschutz\\\/\",\"name\":\"Datenschutz - Ren\u00e9 Hey - Dipl. Grafik-Designer und Fotograf\",\"isPartOf\":{\"@id\":\"https:\\\/\\\/rene-hey.de\\\/#website\"},\"datePublished\":\"2015-06-25T12:33:49+00:00\",\"dateModified\":\"2023-06-06T20:34:44+00:00\",\"breadcrumb\":{\"@id\":\"https:\\\/\\\/rene-hey.de\\\/datenschutz\\\/#breadcrumb\"},\"inLanguage\":\"en-GB\",\"potentialAction\":[{\"@type\":\"ReadAction\",\"target\":[\"https:\\\/\\\/rene-hey.de\\\/datenschutz\\\/\"]}]},{\"@type\":\"BreadcrumbList\",\"@id\":\"https:\\\/\\\/rene-hey.de\\\/datenschutz\\\/#breadcrumb\",\"itemListElement\":[{\"@type\":\"ListItem\",\"position\":1,\"name\":\"Home\",\"item\":\"https:\\\/\\\/rene-hey.de\\\/\"},{\"@type\":\"ListItem\",\"position\":2,\"name\":\"Datenschutz\"}]},{\"@type\":\"WebSite\",\"@id\":\"https:\\\/\\\/rene-hey.de\\\/#website\",\"url\":\"https:\\\/\\\/rene-hey.de\\\/\",\"name\":\"Ren\u00e9 Hey - Dipl. Grafik-Designer und Fotograf\",\"description\":\"Art Director - Grafikdesign - Webdesign - Fotografie - Ren\u00e9 Hey - Bonn - K\u00f6ln - Siegburg\",\"publisher\":{\"@id\":\"https:\\\/\\\/rene-hey.de\\\/#\\\/schema\\\/person\\\/0da984d26e1b52a5dfa1b0d4f5453445\"},\"potentialAction\":[{\"@type\":\"SearchAction\",\"target\":{\"@type\":\"EntryPoint\",\"urlTemplate\":\"https:\\\/\\\/rene-hey.de\\\/?s={search_term_string}\"},\"query-input\":{\"@type\":\"PropertyValueSpecification\",\"valueRequired\":true,\"valueName\":\"search_term_string\"}}],\"inLanguage\":\"en-GB\"},{\"@type\":[\"Person\",\"Organization\"],\"@id\":\"https:\\\/\\\/rene-hey.de\\\/#\\\/schema\\\/person\\\/0da984d26e1b52a5dfa1b0d4f5453445\",\"name\":\"Rene Hey\",\"image\":{\"@type\":\"ImageObject\",\"inLanguage\":\"en-GB\",\"@id\":\"https:\\\/\\\/rene-hey.de\\\/wp-content\\\/uploads\\\/2023\\\/03\\\/cropped-Rene-Hey-Grafik-Design-Logo-square.jpg\",\"url\":\"https:\\\/\\\/rene-hey.de\\\/wp-content\\\/uploads\\\/2023\\\/03\\\/cropped-Rene-Hey-Grafik-Design-Logo-square.jpg\",\"contentUrl\":\"https:\\\/\\\/rene-hey.de\\\/wp-content\\\/uploads\\\/2023\\\/03\\\/cropped-Rene-Hey-Grafik-Design-Logo-square.jpg\",\"width\":512,\"height\":512,\"caption\":\"Rene Hey\"},\"logo\":{\"@id\":\"https:\\\/\\\/rene-hey.de\\\/wp-content\\\/uploads\\\/2023\\\/03\\\/cropped-Rene-Hey-Grafik-Design-Logo-square.jpg\"},\"sameAs\":[\"https:\\\/\\\/www.facebook.com\\\/CannoneerPhoto\",\"https:\\\/\\\/www.instagram.com\\\/cannoneer\\\/\",\"https:\\\/\\\/www.linkedin.com\\\/company\\\/rene-hey-art-direction\\\/\"]}]}<\/script>\n<!-- \/ Yoast SEO plugin. -->","yoast_head_json":{"title":"Datenschutz - Ren\u00e9 Hey - Dipl. Grafik-Designer und Fotograf","robots":{"index":"noindex","follow":"nofollow"},"og_locale":"en_GB","og_type":"article","og_title":"Datenschutz - Ren\u00e9 Hey - Dipl. Grafik-Designer und Fotograf","og_description":"Geltungsbereich Diese Datenschutzerkl\u00e4rung kl\u00e4rt Nutzer \u00fcber die Art, den Umfang und Zwecke der Erhebung und Verwendung personenbezogener Daten durch den verantwortlichen Anbieter auf dieser Website (im folgenden \u201cAngebot\u201d) auf. Die rechtlichen Grundlagen des Datenschutzes finden sich im Bundesdatenschutzgesetz (BDSG) und dem Telemediengesetz (TMG). Zugriffsdaten\/ Server-Logfiles Der Anbieter (beziehungsweise sein Webspace-Provider) erhebt Daten \u00fcber jeden Zugriff&hellip;&nbsp;Read More &raquo;Datenschutz","og_url":"https:\/\/rene-hey.de\/en\/datenschutz\/","og_site_name":"Ren\u00e9 Hey - Dipl. Grafik-Designer und Fotograf","article_publisher":"https:\/\/www.facebook.com\/CannoneerPhoto","article_modified_time":"2023-06-06T20:34:44+00:00","twitter_misc":{"Estimated reading time":"5 minutes"},"schema":{"@context":"https:\/\/schema.org","@graph":[{"@type":"WebPage","@id":"https:\/\/rene-hey.de\/datenschutz\/","url":"https:\/\/rene-hey.de\/datenschutz\/","name":"Datenschutz - Ren\u00e9 Hey - Dipl. Grafik-Designer und Fotograf","isPartOf":{"@id":"https:\/\/rene-hey.de\/#website"},"datePublished":"2015-06-25T12:33:49+00:00","dateModified":"2023-06-06T20:34:44+00:00","breadcrumb":{"@id":"https:\/\/rene-hey.de\/datenschutz\/#breadcrumb"},"inLanguage":"en-GB","potentialAction":[{"@type":"ReadAction","target":["https:\/\/rene-hey.de\/datenschutz\/"]}]},{"@type":"BreadcrumbList","@id":"https:\/\/rene-hey.de\/datenschutz\/#breadcrumb","itemListElement":[{"@type":"ListItem","position":1,"name":"Home","item":"https:\/\/rene-hey.de\/"},{"@type":"ListItem","position":2,"name":"Datenschutz"}]},{"@type":"WebSite","@id":"https:\/\/rene-hey.de\/#website","url":"https:\/\/rene-hey.de\/","name":"Ren\u00e9 Hey - Dipl. Grafik-Designer und Fotograf","description":"Art Director - Grafikdesign - Webdesign - Fotografie - Ren\u00e9 Hey - Bonn - K\u00f6ln - Siegburg","publisher":{"@id":"https:\/\/rene-hey.de\/#\/schema\/person\/0da984d26e1b52a5dfa1b0d4f5453445"},"potentialAction":[{"@type":"SearchAction","target":{"@type":"EntryPoint","urlTemplate":"https:\/\/rene-hey.de\/?s={search_term_string}"},"query-input":{"@type":"PropertyValueSpecification","valueRequired":true,"valueName":"search_term_string"}}],"inLanguage":"en-GB"},{"@type":["Person","Organization"],"@id":"https:\/\/rene-hey.de\/#\/schema\/person\/0da984d26e1b52a5dfa1b0d4f5453445","name":"Rene Hey","image":{"@type":"ImageObject","inLanguage":"en-GB","@id":"https:\/\/rene-hey.de\/wp-content\/uploads\/2023\/03\/cropped-Rene-Hey-Grafik-Design-Logo-square.jpg","url":"https:\/\/rene-hey.de\/wp-content\/uploads\/2023\/03\/cropped-Rene-Hey-Grafik-Design-Logo-square.jpg","contentUrl":"https:\/\/rene-hey.de\/wp-content\/uploads\/2023\/03\/cropped-Rene-Hey-Grafik-Design-Logo-square.jpg","width":512,"height":512,"caption":"Rene Hey"},"logo":{"@id":"https:\/\/rene-hey.de\/wp-content\/uploads\/2023\/03\/cropped-Rene-Hey-Grafik-Design-Logo-square.jpg"},"sameAs":["https:\/\/www.facebook.com\/CannoneerPhoto","https:\/\/www.instagram.com\/cannoneer\/","https:\/\/www.linkedin.com\/company\/rene-hey-art-direction\/"]}]}},"_links":{"self":[{"href":"https:\/\/rene-hey.de\/en\/wp-json\/wp\/v2\/pages\/888","targetHints":{"allow":["GET"]}}],"collection":[{"href":"https:\/\/rene-hey.de\/en\/wp-json\/wp\/v2\/pages"}],"about":[{"href":"https:\/\/rene-hey.de\/en\/wp-json\/wp\/v2\/types\/page"}],"author":[{"embeddable":true,"href":"https:\/\/rene-hey.de\/en\/wp-json\/wp\/v2\/users\/1"}],"replies":[{"embeddable":true,"href":"https:\/\/rene-hey.de\/en\/wp-json\/wp\/v2\/comments?post=888"}],"version-history":[{"count":6,"href":"https:\/\/rene-hey.de\/en\/wp-json\/wp\/v2\/pages\/888\/revisions"}],"predecessor-version":[{"id":5021,"href":"https:\/\/rene-hey.de\/en\/wp-json\/wp\/v2\/pages\/888\/revisions\/5021"}],"wp:attachment":[{"href":"https:\/\/rene-hey.de\/en\/wp-json\/wp\/v2\/media?parent=888"}],"curies":[{"name":"wp","href":"https:\/\/api.w.org\/{rel}","templated":true}]}}